{"id":3304,"date":"2023-06-17T22:09:21","date_gmt":"2023-06-18T01:09:21","guid":{"rendered":"https:\/\/mfcomercio.ind.br\/?post_type=product&#038;p=3304"},"modified":"2023-06-17T22:15:05","modified_gmt":"2023-06-18T01:15:05","slug":"trinco-de-sobrepor","status":"publish","type":"product","link":"https:\/\/mfcomercio.ind.br\/?product=trinco-de-sobrepor","title":{"rendered":"Trinco de Sobrepor"},"content":{"rendered":"<p>O Trinco Sobrepor para porta corta fogo sem chave deixa a passagem livre, tanto para dentro, quanto para fora.<\/p>\n<p>Totalmente em a\u00e7o<br \/>\nMa\u00e7aneta alavanca<br \/>\nF\u00e1cil instala\u00e7\u00e3o, manuseio e funcionamento<\/p>\n","protected":false},"excerpt":{"rendered":"<p>Os Trincos Sobrepor para portas corta fogo sem chave deixam a passagem livre, tanto para dentro, quanto para fora.<\/p>\n<p>Trabalhamos com instala\u00e7\u00e3o e manuten\u00e7\u00e3o de Trinco Sobrepor.<\/p>\n<p><span style=\"color: #800000;\"><strong>Solicite um or\u00e7amento de instala\u00e7\u00e3o de Trinco Sobrepor.<\/strong><\/span><\/p>\n","protected":false},"featured_media":3313,"template":"","meta":[],"product_brand":[],"product_cat":[52],"product_tag":[],"class_list":{"0":"post-3304","1":"product","2":"type-product","3":"status-publish","4":"has-post-thumbnail","6":"product_cat-acessorio-de-porta-corta-fogo","8":"first","9":"instock","10":"shipping-taxable","11":"product-type-simple"},"_links":{"self":[{"href":"https:\/\/mfcomercio.ind.br\/index.php?rest_route=\/wp\/v2\/product\/3304","targetHints":{"allow":["GET"]}}],"collection":[{"href":"https:\/\/mfcomercio.ind.br\/index.php?rest_route=\/wp\/v2\/product"}],"about":[{"href":"https:\/\/mfcomercio.ind.br\/index.php?rest_route=\/wp\/v2\/types\/product"}],"version-history":[{"count":0,"href":"https:\/\/mfcomercio.ind.br\/index.php?rest_route=\/wp\/v2\/product\/3304\/revisions"}],"wp:featuredmedia":[{"embeddable":true,"href":"https:\/\/mfcomercio.ind.br\/index.php?rest_route=\/wp\/v2\/media\/3313"}],"wp:attachment":[{"href":"https:\/\/mfcomercio.ind.br\/index.php?rest_route=%2Fwp%2Fv2%2Fmedia&parent=3304"}],"wp:term":[{"taxonomy":"product_brand","embeddable":true,"href":"https:\/\/mfcomercio.ind.br\/index.php?rest_route=%2Fwp%2Fv2%2Fproduct_brand&post=3304"},{"taxonomy":"product_cat","embeddable":true,"href":"https:\/\/mfcomercio.ind.br\/index.php?rest_route=%2Fwp%2Fv2%2Fproduct_cat&post=3304"},{"taxonomy":"product_tag","embeddable":true,"href":"https:\/\/mfcomercio.ind.br\/index.php?rest_route=%2Fwp%2Fv2%2Fproduct_tag&post=3304"}],"curies":[{"name":"wp","href":"https:\/\/api.w.org\/{rel}","templated":true}]}}