{"id":3294,"date":"2023-06-17T21:54:37","date_gmt":"2023-06-18T00:54:37","guid":{"rendered":"https:\/\/mfcomercio.ind.br\/?post_type=product&#038;p=3294"},"modified":"2023-06-18T18:13:39","modified_gmt":"2023-06-18T21:13:39","slug":"barra-anti-panico-dupla","status":"publish","type":"product","link":"https:\/\/mfcomercio.ind.br\/?product=barra-anti-panico-dupla","title":{"rendered":"Barra Antip\u00e2nico Dupla"},"content":{"rendered":"<p>Barra Antip\u00e2nico destinada a utiliza\u00e7\u00e3o em portas com duas folhas, com uma barra acionadora em cada folha, possuindo em uma delas (a que deve fechar em primeiro lugar) um ou dois pontos de travamento (superior ou superior e inferior) e na outra (a que se sobrep\u00f5e) pelo menos um ponto de travamento (contra a primeira folha). O acionamento de qualquer uma das barras deve abrir pelo menos a folha respectiva.<br \/>\nA barra antip\u00e2nico deve ser projetada de forma que libere a porta no sentido de fuga, ao ser pressionada em qualquer ponto de seu comprimento, ou ao ser movimentada para baixo.<\/p>\n","protected":false},"excerpt":{"rendered":"<p>Barra Antip\u00e2nico destinada a utiliza\u00e7\u00e3o em portas com duas folhas, com uma barra acionadora em cada folha.<\/p>\n<p>Trabalhamos com instala\u00e7\u00e3o e manuten\u00e7\u00e3o de barra Antip\u00e2nico Dupla.<\/p>\n<p><span style=\"color: #800000;\"><strong>Solicite um or\u00e7amento de instala\u00e7\u00e3o de barra Antip\u00e2nico Dupla.<\/strong><\/span><\/p>\n","protected":false},"featured_media":3302,"template":"","meta":[],"product_brand":[],"product_cat":[55],"product_tag":[],"class_list":{"0":"post-3294","1":"product","2":"type-product","3":"status-publish","4":"has-post-thumbnail","6":"product_cat-barra-antipanico","8":"first","9":"instock","10":"shipping-taxable","11":"product-type-simple"},"_links":{"self":[{"href":"https:\/\/mfcomercio.ind.br\/index.php?rest_route=\/wp\/v2\/product\/3294","targetHints":{"allow":["GET"]}}],"collection":[{"href":"https:\/\/mfcomercio.ind.br\/index.php?rest_route=\/wp\/v2\/product"}],"about":[{"href":"https:\/\/mfcomercio.ind.br\/index.php?rest_route=\/wp\/v2\/types\/product"}],"version-history":[{"count":0,"href":"https:\/\/mfcomercio.ind.br\/index.php?rest_route=\/wp\/v2\/product\/3294\/revisions"}],"wp:featuredmedia":[{"embeddable":true,"href":"https:\/\/mfcomercio.ind.br\/index.php?rest_route=\/wp\/v2\/media\/3302"}],"wp:attachment":[{"href":"https:\/\/mfcomercio.ind.br\/index.php?rest_route=%2Fwp%2Fv2%2Fmedia&parent=3294"}],"wp:term":[{"taxonomy":"product_brand","embeddable":true,"href":"https:\/\/mfcomercio.ind.br\/index.php?rest_route=%2Fwp%2Fv2%2Fproduct_brand&post=3294"},{"taxonomy":"product_cat","embeddable":true,"href":"https:\/\/mfcomercio.ind.br\/index.php?rest_route=%2Fwp%2Fv2%2Fproduct_cat&post=3294"},{"taxonomy":"product_tag","embeddable":true,"href":"https:\/\/mfcomercio.ind.br\/index.php?rest_route=%2Fwp%2Fv2%2Fproduct_tag&post=3294"}],"curies":[{"name":"wp","href":"https:\/\/api.w.org\/{rel}","templated":true}]}}