{"id":3293,"date":"2023-06-17T21:51:07","date_gmt":"2023-06-18T00:51:07","guid":{"rendered":"https:\/\/mfcomercio.ind.br\/?post_type=product&#038;p=3293"},"modified":"2023-07-02T13:30:05","modified_gmt":"2023-07-02T16:30:05","slug":"instalacao-de-barra-antipanico-uma-porta","status":"publish","type":"product","link":"https:\/\/mfcomercio.ind.br\/?product=instalacao-de-barra-antipanico-uma-porta","title":{"rendered":"Barra Antip\u00e2nico uma porta"},"content":{"rendered":"<p>Dispositivo de destravamento da folha de uma porta, na posi\u00e7\u00e3o fechada, acionado mediante press\u00e3o exercida no sentido de abertura, em uma barra horizontal fixada na face da folha.<\/p>\n","protected":false},"excerpt":{"rendered":"<p>Dispositivo de destravamento da folha de uma porta, na posi\u00e7\u00e3o fechada, acionado mediante press\u00e3o exercida no sentido de abertura, em uma barra horizontal fixada na face da folha.<\/p>\n<p>Trabalhamos com instala\u00e7\u00e3o e manuten\u00e7\u00e3o de barra Antip\u00e2nico.<\/p>\n<p><span style=\"color: #800000;\"><strong>Solicite um or\u00e7amento de instala\u00e7\u00e3o de barra Antip\u00e2nico.<\/strong><\/span><\/p>\n","protected":false},"featured_media":3289,"template":"","meta":[],"product_brand":[],"product_cat":[55],"product_tag":[],"class_list":{"0":"post-3293","1":"product","2":"type-product","3":"status-publish","4":"has-post-thumbnail","6":"product_cat-barra-antipanico","8":"first","9":"instock","10":"shipping-taxable","11":"product-type-simple"},"_links":{"self":[{"href":"https:\/\/mfcomercio.ind.br\/index.php?rest_route=\/wp\/v2\/product\/3293","targetHints":{"allow":["GET"]}}],"collection":[{"href":"https:\/\/mfcomercio.ind.br\/index.php?rest_route=\/wp\/v2\/product"}],"about":[{"href":"https:\/\/mfcomercio.ind.br\/index.php?rest_route=\/wp\/v2\/types\/product"}],"version-history":[{"count":1,"href":"https:\/\/mfcomercio.ind.br\/index.php?rest_route=\/wp\/v2\/product\/3293\/revisions"}],"predecessor-version":[{"id":3745,"href":"https:\/\/mfcomercio.ind.br\/index.php?rest_route=\/wp\/v2\/product\/3293\/revisions\/3745"}],"wp:featuredmedia":[{"embeddable":true,"href":"https:\/\/mfcomercio.ind.br\/index.php?rest_route=\/wp\/v2\/media\/3289"}],"wp:attachment":[{"href":"https:\/\/mfcomercio.ind.br\/index.php?rest_route=%2Fwp%2Fv2%2Fmedia&parent=3293"}],"wp:term":[{"taxonomy":"product_brand","embeddable":true,"href":"https:\/\/mfcomercio.ind.br\/index.php?rest_route=%2Fwp%2Fv2%2Fproduct_brand&post=3293"},{"taxonomy":"product_cat","embeddable":true,"href":"https:\/\/mfcomercio.ind.br\/index.php?rest_route=%2Fwp%2Fv2%2Fproduct_cat&post=3293"},{"taxonomy":"product_tag","embeddable":true,"href":"https:\/\/mfcomercio.ind.br\/index.php?rest_route=%2Fwp%2Fv2%2Fproduct_tag&post=3293"}],"curies":[{"name":"wp","href":"https:\/\/api.w.org\/{rel}","templated":true}]}}