{"id":3279,"date":"2023-07-02T10:31:53","date_gmt":"2023-07-02T13:31:53","guid":{"rendered":"https:\/\/mfcomercio.ind.br\/?post_type=product&#038;p=3279"},"modified":"2023-07-02T13:37:06","modified_gmt":"2023-07-02T16:37:06","slug":"instalacao-de-porta-corta-fogo-simples","status":"publish","type":"product","link":"https:\/\/mfcomercio.ind.br\/?product=instalacao-de-porta-corta-fogo-simples","title":{"rendered":"Instala\u00e7\u00e3o de Porta Corta-Fogo Simples"},"content":{"rendered":"<p>A porta corta fogo uma porta simples, tamb\u00e9m chamada de PCF, \u00e9 uma porta resistente ao fogo. \u00c9 utilizada com a finalidade de garantir prote\u00e7\u00e3o contra inc\u00eandios, tamb\u00e9m impedindo a passagem de fogo ou fuma\u00e7a entre compartimentos, facilitando a fuga e resgates de pessoas.<\/p>\n<p>As Portas Corta-Fogo obedecem rigorosamente ao processo de fabrica\u00e7\u00e3o conforme a Norma ABNT NBR 11742, garantindo total seguran\u00e7a em rotas de fugas para emerg\u00eancias.<\/p>\n","protected":false},"excerpt":{"rendered":"<p>A porta corta fogo, tamb\u00e9m chamada de PCF, \u00e9 uma porta resistente ao fogo, utilizada com a finalidade de garantir prote\u00e7\u00e3o contra inc\u00eandios e, tamb\u00e9m impedir a passagem de fogo ou fuma\u00e7a entre compartimentos, facilitando a fuga e resgates de pessoas.<\/p>\n<p>Trabalhamos com instala\u00e7\u00e3o e manuten\u00e7\u00e3o de porta corta-fogo Simples.<\/p>\n<p><span style=\"color: #800000;\"><strong>Solicite um or\u00e7amento de instala\u00e7\u00e3o de porta corta-fogo.<\/strong><\/span><\/p>\n","protected":false},"featured_media":3271,"template":"","meta":[],"product_brand":[],"product_cat":[44],"product_tag":[],"class_list":{"0":"post-3279","1":"product","2":"type-product","3":"status-publish","4":"has-post-thumbnail","6":"product_cat-porta-corta-fogo","8":"first","9":"instock","10":"shipping-taxable","11":"product-type-simple"},"_links":{"self":[{"href":"https:\/\/mfcomercio.ind.br\/index.php?rest_route=\/wp\/v2\/product\/3279","targetHints":{"allow":["GET"]}}],"collection":[{"href":"https:\/\/mfcomercio.ind.br\/index.php?rest_route=\/wp\/v2\/product"}],"about":[{"href":"https:\/\/mfcomercio.ind.br\/index.php?rest_route=\/wp\/v2\/types\/product"}],"version-history":[{"count":1,"href":"https:\/\/mfcomercio.ind.br\/index.php?rest_route=\/wp\/v2\/product\/3279\/revisions"}],"predecessor-version":[{"id":3751,"href":"https:\/\/mfcomercio.ind.br\/index.php?rest_route=\/wp\/v2\/product\/3279\/revisions\/3751"}],"wp:featuredmedia":[{"embeddable":true,"href":"https:\/\/mfcomercio.ind.br\/index.php?rest_route=\/wp\/v2\/media\/3271"}],"wp:attachment":[{"href":"https:\/\/mfcomercio.ind.br\/index.php?rest_route=%2Fwp%2Fv2%2Fmedia&parent=3279"}],"wp:term":[{"taxonomy":"product_brand","embeddable":true,"href":"https:\/\/mfcomercio.ind.br\/index.php?rest_route=%2Fwp%2Fv2%2Fproduct_brand&post=3279"},{"taxonomy":"product_cat","embeddable":true,"href":"https:\/\/mfcomercio.ind.br\/index.php?rest_route=%2Fwp%2Fv2%2Fproduct_cat&post=3279"},{"taxonomy":"product_tag","embeddable":true,"href":"https:\/\/mfcomercio.ind.br\/index.php?rest_route=%2Fwp%2Fv2%2Fproduct_tag&post=3279"}],"curies":[{"name":"wp","href":"https:\/\/api.w.org\/{rel}","templated":true}]}}