{"id":2069,"date":"2023-07-02T08:01:42","date_gmt":"2023-07-02T11:01:42","guid":{"rendered":"http:\/\/demo.themewinter.com\/wp\/autrics\/?post_type=product&#038;p=2069"},"modified":"2023-07-02T13:38:03","modified_gmt":"2023-07-02T16:38:03","slug":"porta-corta-fogo-acustica","status":"publish","type":"product","link":"https:\/\/mfcomercio.ind.br\/?product=porta-corta-fogo-acustica","title":{"rendered":"Instala\u00e7\u00e3o de Porta Corta-Fogo Ac\u00fastica"},"content":{"rendered":"<p>As Portas Corta-Fogo Acustica obedecem rigorosamente ao processo de fabrica\u00e7\u00e3o conforme a Norma ABNT NBR 11742, garantindo total seguran\u00e7a em rotas de fugas para emerg\u00eancias e reduzindo de forma consider\u00e1vel a passagem de ru\u00eddos ou sons para determinados ambientes.<\/p>\n<p>Porta corta fogo P-90 | Porta corta fogo P-120 com Isolamento Ac\u00fastico<\/p>\n<p>A porta corta fogo uma porta, tamb\u00e9m chamada de PCF, \u00e9 uma porta resistente ao fogo. \u00c9 utilizada com a finalidade de garantir prote\u00e7\u00e3o contra inc\u00eandios, tamb\u00e9m impedindo a passagem de fogo ou fuma\u00e7a entre compartimentos, facilitando a fuga e resgates de pessoas.<\/p>\n","protected":false},"excerpt":{"rendered":"<p>Porta Corta Fogo Ac\u00fastica ou Portas com Isolamento Ac\u00fastico.<\/p>\n<p>\u00c9 utilizada com a finalidade de garantir prote\u00e7\u00e3o contra inc\u00eandios, impedindo a passagem de fogo ou fuma\u00e7a entre compartimentos, facilitando a fuga e resgates de pessoas, bem promove a redu\u00e7\u00e3o sonora em dB (decib\u00e9is).<\/p>\n<p>Trabalhamos com instala\u00e7\u00e3o e manuten\u00e7\u00e3o de porta corta-fogo ac\u00fastica.<\/p>\n<p><span style=\"color: #800000;\"><strong>Solicite um or\u00e7amento de instala\u00e7\u00e3o de porta corta-fogo.<\/strong><\/span><\/p>\n","protected":false},"featured_media":3271,"template":"","meta":[],"product_brand":[],"product_cat":[44],"product_tag":[],"class_list":{"0":"post-2069","1":"product","2":"type-product","3":"status-publish","4":"has-post-thumbnail","6":"product_cat-porta-corta-fogo","8":"first","9":"instock","10":"shipping-taxable","11":"product-type-simple"},"_links":{"self":[{"href":"https:\/\/mfcomercio.ind.br\/index.php?rest_route=\/wp\/v2\/product\/2069","targetHints":{"allow":["GET"]}}],"collection":[{"href":"https:\/\/mfcomercio.ind.br\/index.php?rest_route=\/wp\/v2\/product"}],"about":[{"href":"https:\/\/mfcomercio.ind.br\/index.php?rest_route=\/wp\/v2\/types\/product"}],"version-history":[{"count":2,"href":"https:\/\/mfcomercio.ind.br\/index.php?rest_route=\/wp\/v2\/product\/2069\/revisions"}],"predecessor-version":[{"id":3753,"href":"https:\/\/mfcomercio.ind.br\/index.php?rest_route=\/wp\/v2\/product\/2069\/revisions\/3753"}],"wp:featuredmedia":[{"embeddable":true,"href":"https:\/\/mfcomercio.ind.br\/index.php?rest_route=\/wp\/v2\/media\/3271"}],"wp:attachment":[{"href":"https:\/\/mfcomercio.ind.br\/index.php?rest_route=%2Fwp%2Fv2%2Fmedia&parent=2069"}],"wp:term":[{"taxonomy":"product_brand","embeddable":true,"href":"https:\/\/mfcomercio.ind.br\/index.php?rest_route=%2Fwp%2Fv2%2Fproduct_brand&post=2069"},{"taxonomy":"product_cat","embeddable":true,"href":"https:\/\/mfcomercio.ind.br\/index.php?rest_route=%2Fwp%2Fv2%2Fproduct_cat&post=2069"},{"taxonomy":"product_tag","embeddable":true,"href":"https:\/\/mfcomercio.ind.br\/index.php?rest_route=%2Fwp%2Fv2%2Fproduct_tag&post=2069"}],"curies":[{"name":"wp","href":"https:\/\/api.w.org\/{rel}","templated":true}]}}