{"id":3027,"date":"2023-06-05T19:32:11","date_gmt":"2023-06-05T22:32:11","guid":{"rendered":"https:\/\/mfcomercio.ind.br\/solicitar-cotacao\/"},"modified":"2023-07-02T19:58:22","modified_gmt":"2023-07-02T22:58:22","slug":"solicitar-cotacao","status":"publish","type":"page","link":"https:\/\/mfcomercio.ind.br\/?page_id=3027","title":{"rendered":"Solicitar cota\u00e7\u00e3o"},"content":{"rendered":"\t\t<div data-elementor-type=\"wp-page\" data-elementor-id=\"3027\" class=\"elementor elementor-3027\" data-elementor-post-type=\"page\">\n\t\t\t\t\t\t<section class=\"elementor-section elementor-top-section elementor-element elementor-element-799a718 elementor-section-boxed elementor-section-height-default elementor-section-height-default\" data-id=\"799a718\" data-element_type=\"section\">\n\t\t\t\t\t\t<div class=\"elementor-container elementor-column-gap-default\">\n\t\t\t\t\t<div class=\"elementor-column elementor-col-100 elementor-top-column elementor-element elementor-element-09d2212\" data-id=\"09d2212\" data-element_type=\"column\">\n\t\t\t<div class=\"elementor-widget-wrap elementor-element-populated\">\n\t\t\t\t\t\t<div class=\"elementor-element elementor-element-5050df8 elementor-widget elementor-widget-heading\" data-id=\"5050df8\" data-element_type=\"widget\" data-widget_type=\"heading.default\">\n\t\t\t\t<div class=\"elementor-widget-container\">\n\t\t\t\t\t<h2 class=\"elementor-heading-title elementor-size-default\">Solicitar cota\u00e7\u00e3o sem compromisso de porta corta fogo e barra antip\u00e2nico e servi\u00e7o de instala\u00e7\u00e3o de porta corta fogo para sua empresa.<\/h2>\t\t\t\t<\/div>\n\t\t\t\t<\/div>\n\t\t\t\t<div class=\"elementor-element elementor-element-0182966 elementor-widget elementor-widget-shortcode\" data-id=\"0182966\" data-element_type=\"widget\" data-widget_type=\"shortcode.default\">\n\t\t\t\t<div class=\"elementor-widget-container\">\n\t\t\t\t\t\t\t<div class=\"elementor-shortcode\">\n<div class=\"woocommerce ywraq-wrapper ywraq-empty\">\n\t\t\t<div id=\"yith-ywraq-message\"><div class=\"ywraq-question-message\">\n\t<\/div>\n<\/div>\n\t\t\n\t\t\t\t<div class=\"ywraq-form-table-wrapper vertical\">\n\t\t\t<div class=\"ywraq-before-form\">\n\t<p class=\"ywraq_list_empty_message\">Sua lista est\u00e1 vazia, adicione produtos \u00e0 lista para enviar uma solicita\u00e7\u00e3o<p><p class=\"return-to-shop\"><a class=\"button wc-backward\" href=\"https:\/\/mfcomercio.ind.br\/produtos\/\">Navegar e adicionar mais produtos<\/a><\/p><\/div>\n\t\t\t\t\t<\/div>\n\t<\/div>\n<\/div>\n\t\t\t\t\t\t<\/div>\n\t\t\t\t<\/div>\n\t\t\t\t\t<\/div>\n\t\t<\/div>\n\t\t\t\t\t<\/div>\n\t\t<\/section>\n\t\t\t\t<section class=\"elementor-section elementor-top-section elementor-element elementor-element-fa5954f elementor-section-boxed elementor-section-height-default elementor-section-height-default\" data-id=\"fa5954f\" data-element_type=\"section\">\n\t\t\t\t\t\t<div class=\"elementor-container elementor-column-gap-default\">\n\t\t\t\t\t<div class=\"elementor-column elementor-col-100 elementor-top-column elementor-element elementor-element-6c3319a\" data-id=\"6c3319a\" data-element_type=\"column\">\n\t\t\t<div class=\"elementor-widget-wrap\">\n\t\t\t\t\t\t\t<\/div>\n\t\t<\/div>\n\t\t\t\t\t<\/div>\n\t\t<\/section>\n\t\t\t\t<\/div>\n\t\t","protected":false},"excerpt":{"rendered":"<p>Solicitar cota\u00e7\u00e3o sem compromisso de porta corta fogo e barra antip\u00e2nico e servi\u00e7o de instala\u00e7\u00e3o de porta corta fogo para sua empresa.<\/p>\n","protected":false},"author":1,"featured_media":0,"parent":0,"menu_order":0,"comment_status":"closed","ping_status":"closed","template":"elementor_header_footer","meta":{"footnotes":""},"class_list":["post-3027","page","type-page","status-publish","hentry"],"_links":{"self":[{"href":"https:\/\/mfcomercio.ind.br\/index.php?rest_route=\/wp\/v2\/pages\/3027","targetHints":{"allow":["GET"]}}],"collection":[{"href":"https:\/\/mfcomercio.ind.br\/index.php?rest_route=\/wp\/v2\/pages"}],"about":[{"href":"https:\/\/mfcomercio.ind.br\/index.php?rest_route=\/wp\/v2\/types\/page"}],"author":[{"embeddable":true,"href":"https:\/\/mfcomercio.ind.br\/index.php?rest_route=\/wp\/v2\/users\/1"}],"replies":[{"embeddable":true,"href":"https:\/\/mfcomercio.ind.br\/index.php?rest_route=%2Fwp%2Fv2%2Fcomments&post=3027"}],"version-history":[{"count":13,"href":"https:\/\/mfcomercio.ind.br\/index.php?rest_route=\/wp\/v2\/pages\/3027\/revisions"}],"predecessor-version":[{"id":3851,"href":"https:\/\/mfcomercio.ind.br\/index.php?rest_route=\/wp\/v2\/pages\/3027\/revisions\/3851"}],"wp:attachment":[{"href":"https:\/\/mfcomercio.ind.br\/index.php?rest_route=%2Fwp%2Fv2%2Fmedia&parent=3027"}],"curies":[{"name":"wp","href":"https:\/\/api.w.org\/{rel}","templated":true}]}}